{"id":14195,"date":"2026-03-22T13:13:24","date_gmt":"2026-03-22T12:13:24","guid":{"rendered":"https:\/\/c2s-buildmate.com\/?post_type=product&#038;p=14195"},"modified":"2026-03-22T13:13:25","modified_gmt":"2026-03-22T12:13:25","slug":"colonne-de-douche-noire-effet-pluie-avec-douchette-et-jet-de-precision-2","status":"publish","type":"product","link":"https:\/\/c2s-buildmate.com\/?product=colonne-de-douche-noire-effet-pluie-avec-douchette-et-jet-de-precision-2","title":{"rendered":"Colonne de douche noire effet pluie avec douchette et jet de pr\u00e9cision"},"content":{"rendered":"<p>Ensemble de douche noir au design moderne, comprenant une grande douche effet pluie, une douchette mobile et un jet de pr\u00e9cision avec un design revisit\u00e9. Compatible eau chaude et froide, il offre confort, praticit\u00e9 et une touche \u00e9l\u00e9gante \u00e0 votre salle de bain.<\/p>\n","protected":false},"excerpt":{"rendered":"<p>Ensemble de douche noir au design moderne, comprenant une grande douche effet pluie, une douchette mobile et un jet de pr\u00e9cision avec un design revisit\u00e9. Compatible eau chaude et froide,<\/p>\n","protected":false},"featured_media":14196,"comment_status":"open","ping_status":"closed","template":"","meta":{"_acf_changed":false},"product_brand":[190],"product_cat":[174],"product_tag":[],"class_list":{"0":"post-14195","1":"product","2":"type-product","3":"status-publish","4":"has-post-thumbnail","6":"product_brand-purefit-design","7":"product_cat-materiaux-de-finition","9":"first","10":"instock","11":"shipping-taxable","12":"purchasable","13":"product-type-simple"},"acf":[],"_links":{"self":[{"href":"https:\/\/c2s-buildmate.com\/index.php?rest_route=\/wp\/v2\/product\/14195","targetHints":{"allow":["GET"]}}],"collection":[{"href":"https:\/\/c2s-buildmate.com\/index.php?rest_route=\/wp\/v2\/product"}],"about":[{"href":"https:\/\/c2s-buildmate.com\/index.php?rest_route=\/wp\/v2\/types\/product"}],"replies":[{"embeddable":true,"href":"https:\/\/c2s-buildmate.com\/index.php?rest_route=%2Fwp%2Fv2%2Fcomments&post=14195"}],"wp:featuredmedia":[{"embeddable":true,"href":"https:\/\/c2s-buildmate.com\/index.php?rest_route=\/wp\/v2\/media\/14196"}],"wp:attachment":[{"href":"https:\/\/c2s-buildmate.com\/index.php?rest_route=%2Fwp%2Fv2%2Fmedia&parent=14195"}],"wp:term":[{"taxonomy":"product_brand","embeddable":true,"href":"https:\/\/c2s-buildmate.com\/index.php?rest_route=%2Fwp%2Fv2%2Fproduct_brand&post=14195"},{"taxonomy":"product_cat","embeddable":true,"href":"https:\/\/c2s-buildmate.com\/index.php?rest_route=%2Fwp%2Fv2%2Fproduct_cat&post=14195"},{"taxonomy":"product_tag","embeddable":true,"href":"https:\/\/c2s-buildmate.com\/index.php?rest_route=%2Fwp%2Fv2%2Fproduct_tag&post=14195"}],"curies":[{"name":"wp","href":"https:\/\/api.w.org\/{rel}","templated":true}]}}