{"id":14193,"date":"2026-03-22T12:58:47","date_gmt":"2026-03-22T11:58:47","guid":{"rendered":"https:\/\/c2s-buildmate.com\/?post_type=product&#038;p=14193"},"modified":"2026-03-22T12:58:48","modified_gmt":"2026-03-22T11:58:48","slug":"colonne-de-douche-noire-effet-pluie-avec-douchette-et-jet-de-precision","status":"publish","type":"product","link":"https:\/\/c2s-buildmate.com\/?product=colonne-de-douche-noire-effet-pluie-avec-douchette-et-jet-de-precision","title":{"rendered":"Colonne de douche noire effet pluie avec douchette et jet de pr\u00e9cision"},"content":{"rendered":"<p>Ensemble de douche noir au design moderne, \u00e9quip\u00e9 d\u2019une grande douche effet pluie, d\u2019une douchette mobile et d\u2019un jet de pr\u00e9cision. Fonction eau chaude et froide pour un confort optimal. Id\u00e9al pour une salle de bain \u00e9l\u00e9gante et fonctionnelle.<\/p>\n","protected":false},"excerpt":{"rendered":"<p>Ensemble de douche noir au design moderne, \u00e9quip\u00e9 d\u2019une grande douche effet pluie, d\u2019une douchette mobile et d\u2019un jet de pr\u00e9cision. Fonction eau chaude et froide pour un confort optimal.<\/p>\n","protected":false},"featured_media":14194,"comment_status":"open","ping_status":"closed","template":"","meta":{"_acf_changed":false},"product_brand":[190],"product_cat":[174],"product_tag":[],"class_list":{"0":"post-14193","1":"product","2":"type-product","3":"status-publish","4":"has-post-thumbnail","6":"product_brand-purefit-design","7":"product_cat-materiaux-de-finition","9":"first","10":"instock","11":"shipping-taxable","12":"purchasable","13":"product-type-simple"},"acf":[],"_links":{"self":[{"href":"https:\/\/c2s-buildmate.com\/index.php?rest_route=\/wp\/v2\/product\/14193","targetHints":{"allow":["GET"]}}],"collection":[{"href":"https:\/\/c2s-buildmate.com\/index.php?rest_route=\/wp\/v2\/product"}],"about":[{"href":"https:\/\/c2s-buildmate.com\/index.php?rest_route=\/wp\/v2\/types\/product"}],"replies":[{"embeddable":true,"href":"https:\/\/c2s-buildmate.com\/index.php?rest_route=%2Fwp%2Fv2%2Fcomments&post=14193"}],"wp:featuredmedia":[{"embeddable":true,"href":"https:\/\/c2s-buildmate.com\/index.php?rest_route=\/wp\/v2\/media\/14194"}],"wp:attachment":[{"href":"https:\/\/c2s-buildmate.com\/index.php?rest_route=%2Fwp%2Fv2%2Fmedia&parent=14193"}],"wp:term":[{"taxonomy":"product_brand","embeddable":true,"href":"https:\/\/c2s-buildmate.com\/index.php?rest_route=%2Fwp%2Fv2%2Fproduct_brand&post=14193"},{"taxonomy":"product_cat","embeddable":true,"href":"https:\/\/c2s-buildmate.com\/index.php?rest_route=%2Fwp%2Fv2%2Fproduct_cat&post=14193"},{"taxonomy":"product_tag","embeddable":true,"href":"https:\/\/c2s-buildmate.com\/index.php?rest_route=%2Fwp%2Fv2%2Fproduct_tag&post=14193"}],"curies":[{"name":"wp","href":"https:\/\/api.w.org\/{rel}","templated":true}]}}