{"id":14166,"date":"2026-03-15T21:58:55","date_gmt":"2026-03-15T20:58:55","guid":{"rendered":"https:\/\/c2s-buildmate.com\/?post_type=product&#038;p=14166"},"modified":"2026-03-16T13:14:37","modified_gmt":"2026-03-16T12:14:37","slug":"carreau-decoratif-petits-rectangles-empiles-blanc-noir-et-gris","status":"publish","type":"product","link":"https:\/\/c2s-buildmate.com\/?product=carreau-decoratif-petits-rectangles-empiles-blanc-noir-et-gris","title":{"rendered":"Carreau d\u00e9coratif \u2013 Petits rectangles empil\u00e9s blanc, noir et gris"},"content":{"rendered":"<p><strong data-start=\"132\" data-end=\"184\">Carreau d\u00e9coratif avec petits rectangles empil\u00e9s<\/strong>, alternant <strong data-start=\"196\" data-end=\"219\">blanc, noir et gris<\/strong>, cr\u00e9ant un rendu <strong data-start=\"237\" data-end=\"270\">moderne, graphique et \u00e9l\u00e9gant<\/strong>. Son motif g\u00e9om\u00e9trique apporte <strong data-start=\"302\" data-end=\"326\">originalit\u00e9 et style<\/strong> aux murs et sols des cuisines, salles de bain, salons ou espaces commerciaux. Durable, facile \u00e0 entretenir et parfait pour une d\u00e9coration <strong data-start=\"465\" data-end=\"498\">contemporaine et sophistiqu\u00e9e<\/strong>.<\/p>\n","protected":false},"excerpt":{"rendered":"<p>Carreau d\u00e9coratif avec petits rectangles empil\u00e9s, alternant blanc, noir et gris, cr\u00e9ant un rendu moderne, graphique et \u00e9l\u00e9gant. Son motif g\u00e9om\u00e9trique apporte originalit\u00e9 et style aux murs et sols des<\/p>\n","protected":false},"featured_media":14167,"comment_status":"open","ping_status":"closed","template":"","meta":{"_acf_changed":false},"product_brand":[190],"product_cat":[174],"product_tag":[],"class_list":{"0":"post-14166","1":"product","2":"type-product","3":"status-publish","4":"has-post-thumbnail","6":"product_brand-purefit-design","7":"product_cat-materiaux-de-finition","9":"first","10":"instock","11":"shipping-taxable","12":"purchasable","13":"product-type-simple"},"acf":[],"_links":{"self":[{"href":"https:\/\/c2s-buildmate.com\/index.php?rest_route=\/wp\/v2\/product\/14166","targetHints":{"allow":["GET"]}}],"collection":[{"href":"https:\/\/c2s-buildmate.com\/index.php?rest_route=\/wp\/v2\/product"}],"about":[{"href":"https:\/\/c2s-buildmate.com\/index.php?rest_route=\/wp\/v2\/types\/product"}],"replies":[{"embeddable":true,"href":"https:\/\/c2s-buildmate.com\/index.php?rest_route=%2Fwp%2Fv2%2Fcomments&post=14166"}],"wp:featuredmedia":[{"embeddable":true,"href":"https:\/\/c2s-buildmate.com\/index.php?rest_route=\/wp\/v2\/media\/14167"}],"wp:attachment":[{"href":"https:\/\/c2s-buildmate.com\/index.php?rest_route=%2Fwp%2Fv2%2Fmedia&parent=14166"}],"wp:term":[{"taxonomy":"product_brand","embeddable":true,"href":"https:\/\/c2s-buildmate.com\/index.php?rest_route=%2Fwp%2Fv2%2Fproduct_brand&post=14166"},{"taxonomy":"product_cat","embeddable":true,"href":"https:\/\/c2s-buildmate.com\/index.php?rest_route=%2Fwp%2Fv2%2Fproduct_cat&post=14166"},{"taxonomy":"product_tag","embeddable":true,"href":"https:\/\/c2s-buildmate.com\/index.php?rest_route=%2Fwp%2Fv2%2Fproduct_tag&post=14166"}],"curies":[{"name":"wp","href":"https:\/\/api.w.org\/{rel}","templated":true}]}}