{"id":14135,"date":"2026-03-15T20:51:58","date_gmt":"2026-03-15T19:51:58","guid":{"rendered":"https:\/\/c2s-buildmate.com\/?post_type=product&#038;p=14135"},"modified":"2026-03-16T13:46:59","modified_gmt":"2026-03-16T12:46:59","slug":"carreau-en-beton-decoratif-rouge-metallise-effet-pierres-empilees","status":"publish","type":"product","link":"https:\/\/c2s-buildmate.com\/?product=carreau-en-beton-decoratif-rouge-metallise-effet-pierres-empilees","title":{"rendered":"Carreau en b\u00e9ton d\u00e9coratif \u2013 Rouge m\u00e9tallis\u00e9 effet pierres empil\u00e9es"},"content":{"rendered":"<p><strong data-start=\"134\" data-end=\"209\">Carreau en b\u00e9ton d\u00e9coratif rectangulaire avec finition rouge m\u00e9tallis\u00e9e<\/strong>, imitant des <strong data-start=\"223\" data-end=\"243\">pierres empil\u00e9es<\/strong>. Son design apporte <strong data-start=\"264\" data-end=\"297\">relief, \u00e9l\u00e9gance et modernit\u00e9<\/strong> aux espaces int\u00e9rieurs ou ext\u00e9rieurs, id\u00e9al pour <strong data-start=\"347\" data-end=\"363\">murs et sols<\/strong> des salons, cuisines, salles de bain ou fa\u00e7ades. Durable, solide et facile \u00e0 entretenir, il offre un <strong data-start=\"465\" data-end=\"502\">rendu contemporain et sophistiqu\u00e9<\/strong>.<\/p>\n","protected":false},"excerpt":{"rendered":"<p>Carreau en b\u00e9ton d\u00e9coratif rectangulaire avec finition rouge m\u00e9tallis\u00e9e, imitant des pierres empil\u00e9es. Son design apporte relief, \u00e9l\u00e9gance et modernit\u00e9 aux espaces int\u00e9rieurs ou ext\u00e9rieurs, id\u00e9al pour murs et sols<\/p>\n","protected":false},"featured_media":14136,"comment_status":"open","ping_status":"closed","template":"","meta":{"_acf_changed":false},"product_brand":[190],"product_cat":[174],"product_tag":[],"class_list":{"0":"post-14135","1":"product","2":"type-product","3":"status-publish","4":"has-post-thumbnail","6":"product_brand-purefit-design","7":"product_cat-materiaux-de-finition","9":"first","10":"instock","11":"shipping-taxable","12":"purchasable","13":"product-type-simple"},"acf":[],"_links":{"self":[{"href":"https:\/\/c2s-buildmate.com\/index.php?rest_route=\/wp\/v2\/product\/14135","targetHints":{"allow":["GET"]}}],"collection":[{"href":"https:\/\/c2s-buildmate.com\/index.php?rest_route=\/wp\/v2\/product"}],"about":[{"href":"https:\/\/c2s-buildmate.com\/index.php?rest_route=\/wp\/v2\/types\/product"}],"replies":[{"embeddable":true,"href":"https:\/\/c2s-buildmate.com\/index.php?rest_route=%2Fwp%2Fv2%2Fcomments&post=14135"}],"wp:featuredmedia":[{"embeddable":true,"href":"https:\/\/c2s-buildmate.com\/index.php?rest_route=\/wp\/v2\/media\/14136"}],"wp:attachment":[{"href":"https:\/\/c2s-buildmate.com\/index.php?rest_route=%2Fwp%2Fv2%2Fmedia&parent=14135"}],"wp:term":[{"taxonomy":"product_brand","embeddable":true,"href":"https:\/\/c2s-buildmate.com\/index.php?rest_route=%2Fwp%2Fv2%2Fproduct_brand&post=14135"},{"taxonomy":"product_cat","embeddable":true,"href":"https:\/\/c2s-buildmate.com\/index.php?rest_route=%2Fwp%2Fv2%2Fproduct_cat&post=14135"},{"taxonomy":"product_tag","embeddable":true,"href":"https:\/\/c2s-buildmate.com\/index.php?rest_route=%2Fwp%2Fv2%2Fproduct_tag&post=14135"}],"curies":[{"name":"wp","href":"https:\/\/api.w.org\/{rel}","templated":true}]}}