{"id":14090,"date":"2026-03-15T19:05:26","date_gmt":"2026-03-15T18:05:26","guid":{"rendered":"https:\/\/c2s-buildmate.com\/?post_type=product&#038;p=14090"},"modified":"2026-03-31T15:26:06","modified_gmt":"2026-03-31T13:26:06","slug":"carreau-decoratif-effet-resine-motifs-ondules-sur-fond-blanc","status":"publish","type":"product","link":"https:\/\/c2s-buildmate.com\/?product=carreau-decoratif-effet-resine-motifs-ondules-sur-fond-blanc","title":{"rendered":"Carreau d\u00e9coratif effet r\u00e9sine \u2013 Motifs ondul\u00e9s sur fond blanc"},"content":{"rendered":"<p><strong data-start=\"127\" data-end=\"191\">Carreau d\u00e9coratif blanc avec finition brillante effet r\u00e9sine<\/strong>, orn\u00e9 de <strong data-start=\"201\" data-end=\"239\">multiples lignes et motifs ondul\u00e9s<\/strong> qui cr\u00e9ent un effet visuel <strong data-start=\"267\" data-end=\"288\">fluide et \u00e9l\u00e9gant<\/strong>. Son design moderne apporte <strong data-start=\"317\" data-end=\"349\">luminosit\u00e9 et sophistication<\/strong> aux espaces int\u00e9rieurs. Id\u00e9al pour les <strong data-start=\"389\" data-end=\"405\">murs et sols<\/strong> des cuisines, salles de bain ou salons, ce carreau combine <strong data-start=\"465\" data-end=\"517\">esth\u00e9tique contemporaine et facilit\u00e9 d\u2019entretien<\/strong>.<\/p>\n","protected":false},"excerpt":{"rendered":"<p>Carreau d\u00e9coratif blanc avec finition brillante effet r\u00e9sine, orn\u00e9 de multiples lignes et motifs ondul\u00e9s qui cr\u00e9ent un effet visuel fluide et \u00e9l\u00e9gant. Son design moderne apporte luminosit\u00e9 et sophistication<\/p>\n","protected":false},"featured_media":14091,"comment_status":"open","ping_status":"closed","template":"","meta":{"_acf_changed":false},"product_brand":[190],"product_cat":[174],"product_tag":[],"class_list":{"0":"post-14090","1":"product","2":"type-product","3":"status-publish","4":"has-post-thumbnail","6":"product_brand-purefit-design","7":"product_cat-materiaux-de-finition","9":"first","10":"instock","11":"shipping-taxable","12":"purchasable","13":"product-type-simple"},"acf":[],"_links":{"self":[{"href":"https:\/\/c2s-buildmate.com\/index.php?rest_route=\/wp\/v2\/product\/14090","targetHints":{"allow":["GET"]}}],"collection":[{"href":"https:\/\/c2s-buildmate.com\/index.php?rest_route=\/wp\/v2\/product"}],"about":[{"href":"https:\/\/c2s-buildmate.com\/index.php?rest_route=\/wp\/v2\/types\/product"}],"replies":[{"embeddable":true,"href":"https:\/\/c2s-buildmate.com\/index.php?rest_route=%2Fwp%2Fv2%2Fcomments&post=14090"}],"wp:featuredmedia":[{"embeddable":true,"href":"https:\/\/c2s-buildmate.com\/index.php?rest_route=\/wp\/v2\/media\/14091"}],"wp:attachment":[{"href":"https:\/\/c2s-buildmate.com\/index.php?rest_route=%2Fwp%2Fv2%2Fmedia&parent=14090"}],"wp:term":[{"taxonomy":"product_brand","embeddable":true,"href":"https:\/\/c2s-buildmate.com\/index.php?rest_route=%2Fwp%2Fv2%2Fproduct_brand&post=14090"},{"taxonomy":"product_cat","embeddable":true,"href":"https:\/\/c2s-buildmate.com\/index.php?rest_route=%2Fwp%2Fv2%2Fproduct_cat&post=14090"},{"taxonomy":"product_tag","embeddable":true,"href":"https:\/\/c2s-buildmate.com\/index.php?rest_route=%2Fwp%2Fv2%2Fproduct_tag&post=14090"}],"curies":[{"name":"wp","href":"https:\/\/api.w.org\/{rel}","templated":true}]}}